{"id":1706,"date":"2025-08-28T15:11:51","date_gmt":"2025-08-28T13:11:51","guid":{"rendered":"https:\/\/pininordpol.pl\/rueckgaberichtlinie\/"},"modified":"2025-09-05T14:02:57","modified_gmt":"2025-09-05T12:02:57","slug":"rueckgaberichtlinie","status":"publish","type":"page","link":"https:\/\/pininordpol.pl\/de\/rueckgaberichtlinie\/","title":{"rendered":"R\u00fcckgaberichtlinie"},"content":{"rendered":"<style>.kb-row-layout-id1706_439177-37 > .kt-row-column-wrap{align-content:start;}:where(.kb-row-layout-id1706_439177-37 > .kt-row-column-wrap) > .wp-block-kadence-column{justify-content:start;}.kb-row-layout-id1706_439177-37 > .kt-row-column-wrap{column-gap:var(--global-kb-gap-md, 2rem);row-gap:var(--global-kb-gap-md, 2rem);max-width:var( --global-content-width, 1290px );padding-left:var(--global-content-edge-padding);padding-right:var(--global-content-edge-padding);padding-top:var(--global-kb-spacing-sm, 1.5rem);padding-bottom:var(--global-kb-spacing-sm, 1.5rem);grid-template-columns:minmax(0, 1fr);}.kb-row-layout-id1706_439177-37 > .kt-row-layout-overlay{opacity:0.30;}@media all and (max-width: 1024px){.kb-row-layout-id1706_439177-37 > .kt-row-column-wrap{grid-template-columns:minmax(0, 1fr);}}@media all and (max-width: 767px){.kb-row-layout-id1706_439177-37 > .kt-row-column-wrap{grid-template-columns:minmax(0, 1fr);}}<\/style><div class=\"kb-row-layout-wrap kb-row-layout-id1706_439177-37 alignnone wp-block-kadence-rowlayout\"><div class=\"kt-row-column-wrap kt-has-1-columns kt-row-layout-equal kt-tab-layout-inherit kt-mobile-layout-row kt-row-valign-top kb-theme-content-width\">\n<style>.kadence-column1706_589b9a-f0 > .kt-inside-inner-col,.kadence-column1706_589b9a-f0 > .kt-inside-inner-col:before{border-top-left-radius:0px;border-top-right-radius:0px;border-bottom-right-radius:0px;border-bottom-left-radius:0px;}.kadence-column1706_589b9a-f0 > .kt-inside-inner-col{column-gap:var(--global-kb-gap-sm, 1rem);}.kadence-column1706_589b9a-f0 > .kt-inside-inner-col{flex-direction:column;}.kadence-column1706_589b9a-f0 > .kt-inside-inner-col > .aligncenter{width:100%;}.kadence-column1706_589b9a-f0 > .kt-inside-inner-col:before{opacity:0.3;}.kadence-column1706_589b9a-f0{position:relative;}@media all and (max-width: 1024px){.kadence-column1706_589b9a-f0 > .kt-inside-inner-col{flex-direction:column;justify-content:center;}}@media all and (max-width: 767px){.kadence-column1706_589b9a-f0 > .kt-inside-inner-col{flex-direction:column;justify-content:center;}}<\/style>\n<div class=\"wp-block-kadence-column kadence-column1706_589b9a-f0\"><div class=\"kt-inside-inner-col\">\n<p><strong>INFORMATIONEN ZUM VERTRAGSWIDERRUF <\/strong><\/p>\n\n\n\n<p>Die NordPol GmbH mit Sitz in Z\u0142otoryja (59-500), ul. Polna 2a, eingetragen im Handelsregister des Landesgerichts f\u00fcr Wroc\u0142aw-Fabryczna in Wroc\u0142aw, IX. Wirtschaftsabteilung des Landesgerichts unter der KRS-Nummer: 0000120521, mit NIP: 6941004097, REGON: 39037171900000, Stammkapital in H\u00f6he von 50.000,00 PLN (f\u00fcnfzigtausend Z\u0142oty) vollst\u00e4ndig eingezahlt (\u201eVerk\u00e4ufer\u201d), legt nachfolgend die Grunds\u00e4tze f\u00fcr die R\u00fccksendung von Waren dar, die im Online-Shop unter der Adresse: https:\/\/www.pininordpol.pl\/ (\u201eShop\u201d) gekauft wurden.  <\/p>\n\n\n\n<p>Details zum Widerruf des Kaufvertrags und zu Reklamationen findet ihr in den Allgemeinen Gesch\u00e4ftsbedingungen f\u00fcr Dienstleistungen unter der Adresse: <a href=\"https:\/\/pininordpol.pl\/de\/shop\/\">https:\/\/pininordpol.pl\/de\/shop\/<\/a><\/p>\n\n\n\n<p><strong>Wie widerrufe ich einen Kaufvertrag?<\/strong><\/p>\n\n\n\n<p>Wenn du bist:<\/p>\n\n\n\n<ul class=\"wp-block-list\">\n<li><strong>Verbraucher \u2013<\/strong> eine nat\u00fcrliche Person, die mit dem Verk\u00e4ufer ein Rechtsgesch\u00e4ft abschlie\u00dft, das nicht direkt mit ihrer gewerblichen oder beruflichen T\u00e4tigkeit zusammenh\u00e4ngt <\/li>\n<\/ul>\n\n\n\n<p>oder<\/p>\n\n\n\n<ul class=\"wp-block-list\">\n<li><strong>Unternehmer mit Verbraucherrechten<\/strong> \u2013 eine nat\u00fcrliche Person, die in eigenem Namen eine gewerbliche oder berufliche T\u00e4tigkeit aus\u00fcbt und mit dem Verk\u00e4ufer einen Vertrag abgeschlossen hat, der direkt mit ihrer gewerblichen T\u00e4tigkeit zusammenh\u00e4ngt, jedoch f\u00fcr diese Person keinen beruflichen Charakter hat, der sich insbesondere aus dem Gegenstand ihrer ausge\u00fcbten gewerblichen T\u00e4tigkeit ergibt,<\/li>\n<\/ul>\n\n\n\n<p>im Folgenden auch als: \u201e<strong>K\u00e4ufer\u201d<\/strong>,<\/p>\n\n\n\n<p>hast du das Recht, den Vertrag ohne Angabe von Gr\u00fcnden <strong>innerhalb von 14 (vierzehn) Tagen ab dem Tag des Warenerhalts zu widerrufen.<\/strong><\/p>\n\n\n\n<p>Um das Widerrufsrecht auszu\u00fcben, muss der K\u00e4ufer den Verk\u00e4ufer mittels einer eindeutigen Erkl\u00e4rung \u00fcber seine Entscheidung zum Widerruf des Kaufvertrags informieren. Die Widerrufserkl\u00e4rung kann vom K\u00e4ufer in elektronischer oder schriftlicher Form eingereicht werden. <\/p>\n\n\n\n<p>Der K\u00e4ufer kann das Formular gem\u00e4\u00df Anhang Nr. 2 des Gesetzes vom 30. Mai 2014 \u00fcber Verbraucherrechte oder ein vom Verk\u00e4ufer bereitgestelltes Musterformular verwenden.  <\/p>\n\n\n\n<p><strong>1. F\u00fclle das Widerrufsformular aus<\/strong><\/p>\n\n\n\n<p>Die Widerrufserkl\u00e4rung sollte folgende Angaben enthalten:  <\/p>\n\n\n\n<ol class=\"wp-block-list\">\n<li>Name\/Bezeichnung des K\u00e4ufers;<\/li>\n\n\n\n<li>E-Mail-Adresse des K\u00e4ufers;<\/li>\n\n\n\n<li>Korrespondenzadresse des K\u00e4ufers;<\/li>\n\n\n\n<li>eindeutige Erkl\u00e4rung des K\u00e4ufers \u00fcber den Widerruf des Kaufvertrags;<\/li>\n\n\n\n<li>Angabe der Ware, auf die sich der Widerruf des Kaufvertrags bezieht;<\/li>\n\n\n\n<li>Bestellnummer;<\/li>\n\n\n\n<li>Datum der Bestellung durch den K\u00e4ufer;<\/li>\n\n\n\n<li>PKD-Codes der vom K\u00e4ufer ausge\u00fcbten Gesch\u00e4ftst\u00e4tigkeit (falls der K\u00e4ufer ein oben genannter Unternehmer mit Verbraucherrechten ist),<\/li>\n\n\n\n<li>bevorzugte Methode zur R\u00fcckerstattung des Gegenwerts f\u00fcr die zur\u00fcckgesandte Ware, z.B. Angabe der Bankkontonummer, auf die der oben genannte Betrag zur\u00fcckerstattet werden soll (falls abweichend von der f\u00fcr die Zahlung verwendeten).   <\/li>\n<\/ol>\n\n\n\n<ol class=\"wp-block-list\">\n<li><strong>Sende das ausgef\u00fcllte Widerrufsformular ab<\/strong><\/li>\n<\/ol>\n\n\n\n<p>Der K\u00e4ufer kann die Widerrufserkl\u00e4rung senden:<\/p>\n\n\n\n<ul class=\"wp-block-list\">\n<li>als E-Mail an die E-Mail-Adresse des Verk\u00e4ufers: sklep@pininordpol.pl<strong>,<\/strong><\/li>\n\n\n\n<li>in schriftlicher Form an die Adresse des Verk\u00e4ufers:  <strong>ul. Polna 2a, 59-500 Z\u0142otoryja.   <\/strong><\/li>\n<\/ul>\n\n\n\n<p>Wenn der K\u00e4ufer die Erkl\u00e4rung in schriftlicher Form sendet, muss er daran denken, sie vor dem Absenden zu <strong>unterschreiben<\/strong>.  <\/p>\n\n\n\n<p>Zusammen mit der Widerrufserkl\u00e4rung in schriftlicher Form muss die <strong>zur\u00fcckgesandte Ware zur\u00fcckgeschickt werden<\/strong>.  <\/p>\n\n\n\n<ol class=\"wp-block-list\">\n<li><strong>Bereite das Paket mit der zur\u00fcckgesandten Ware vor<\/strong><\/li>\n<\/ol>\n\n\n\n<p>Denke daran, die Sendung gut zu verpacken und zu sichern.  <\/p>\n\n\n\n<ol class=\"wp-block-list\">\n<li><strong>Sende uns die Sendung an die Adresse unseres Logistikzentrums zur\u00fcck:<\/strong><\/li>\n<\/ol>\n\n\n\n<p>Nordpol GmbH <\/p>\n\n\n\n<p>ul. Wiejska 2a <\/p>\n\n\n\n<p>87-704 B\u0105dkowo<\/p>\n\n\n\n<p>Bitte sende die Ware unverz\u00fcglich, sp\u00e4testens jedoch innerhalb von 14 Tagen ab dem Tag, an dem du uns \u00fcber den Widerruf des Vertrags informiert hast, an uns zur\u00fcck oder \u00fcbergebe sie uns. Die Frist ist gewahrt, wenn du die Ware vor Ablauf der 14-Tages-Frist absendest. <\/p>\n\n\n\n<ol class=\"wp-block-list\">\n<li><strong>Kosten der Warenr\u00fccksendung<\/strong><\/li>\n<\/ol>\n\n\n\n<p>Der K\u00e4ufer tr\u00e4gt ausschlie\u00dflich die unmittelbaren Kosten der Warenr\u00fccksendung.<\/p>\n\n\n\n<p><strong>Folgen des Widerrufs des Vertrags <\/strong><\/p>\n\n\n\n<ol class=\"wp-block-list\">\n<li><strong>R\u00fcckerstattung des Betrags durch den Verk\u00e4ufer <\/strong><\/li>\n<\/ol>\n\n\n\n<p>Der Verk\u00e4ufer erstattet dem K\u00e4ufer die aufgrund der Aus\u00fcbung des Widerrufsrechts f\u00e4lligen Betr\u00e4ge unverz\u00fcglich, sp\u00e4testens jedoch innerhalb von 14 (vierzehn) Tagen ab dem Tag des Erhalts der zur\u00fcckgesandten Ware oder des Nachweises ihrer Absendung durch den K\u00e4ufer \u2013 je nachdem, welches Ereignis fr\u00fcher eintritt.  <\/p>\n\n\n\n<p>Der K\u00e4ufer haftet nur f\u00fcr eine Wertminderung der Ware, die auf einen Umgang mit der Ware zur\u00fcckzuf\u00fchren ist, der \u00fcber die Pr\u00fcfung der Beschaffenheit, Eigenschaften und Funktionsweise der Ware hinausgeht.<\/p>\n\n\n\n<p><strong>WICHTIG!<\/strong><\/p>\n\n\n\n<ul class=\"wp-block-list\">\n<li>die R\u00fcckzahlung erfolgt mit demselben Zahlungsmittel, das der K\u00e4ufer bei der urspr\u00fcnglichen Transaktion eingesetzt hat, es sei denn, der K\u00e4ufer stimmt einer anderen L\u00f6sung zu;<\/li>\n\n\n\n<li>Der K\u00e4ufer tr\u00e4gt keine Kosten f\u00fcr die R\u00fcckzahlung der geleisteten Zahlung;  <\/li>\n\n\n\n<li>Der Verk\u00e4ufer nimmt keine an Abholpunkte gesendeten Sendungen oder Nachnahmesendungen entgegen;<\/li>\n<\/ul>\n\n\n\n<p><strong>Achtung!<\/strong><\/p>\n\n\n\n<p>Der K\u00e4ufer kann nicht immer vom Widerrufsrecht des Kaufvertrags Gebrauch machen.  <\/p>\n\n\n\n<p>Es gibt Ausnahmen, in denen dem K\u00e4ufer kein Widerrufsrecht zusteht \u2013 diese sind in den Allgemeinen Gesch\u00e4ftsbedingungen des Online-Shops detailliert beschrieben.  <\/p>\n\n\n\n<p><strong>Wenn du Fragen hast, ruf an oder schreib uns:<\/strong><\/p>\n\n\n\n<p>Tel.: +48 504 017 883<\/p>\n\n\n\n<p>E-Mail: <a href=\"mailto:sklep@pininirdpol.pl\">sklep@pininirdpol.pl<\/a><\/p>\n\n\n\n<div class=\"wp-block-file has-link-color wp-elements-e21a80d147b6f76e289a5ae7f0710825\"><a id=\"wp-block-file--media-89ac4d67-c5ac-49f9-ba4b-e3d0951f9bc0\" href=\"https:\/\/pininordpol.pl\/wp-content\/uploads\/2025\/08\/Wzor-odstapienia-od-umowy.doc\"><strong>Muster-Widerrufsformular<\/strong><\/a><a href=\"https:\/\/pininordpol.pl\/wp-content\/uploads\/2025\/08\/Wzor-odstapienia-od-umowy.doc\" class=\"wp-block-file__button wp-element-button\" download aria-describedby=\"wp-block-file--media-89ac4d67-c5ac-49f9-ba4b-e3d0951f9bc0\">Herunterladen<\/a><\/div>\n<\/div><\/div>\n\n<\/div><\/div>\n\n\n<p><\/p>\n","protected":false},"excerpt":{"rendered":"<p>INFORMATIONEN ZUM VERTRAGSWIDERRUF Die NordPol GmbH mit Sitz in Z\u0142otoryja (59-500), ul. Polna 2a, eingetragen im Handelsregister des Landesgerichts f\u00fcr Wroc\u0142aw-Fabryczna in Wroc\u0142aw, IX. Wirtschaftsabteilung des Landesgerichts unter der KRS-Nummer: 0000120521, mit NIP: 6941004097, REGON: 39037171900000, Stammkapital in H\u00f6he von 50.000,00 PLN (f\u00fcnfzigtausend Z\u0142oty) vollst\u00e4ndig eingezahlt (\u201eVerk\u00e4ufer\u201d), legt nachfolgend die Grunds\u00e4tze f\u00fcr die R\u00fccksendung von&#8230;<\/p>\n","protected":false},"author":1,"featured_media":0,"parent":0,"menu_order":0,"comment_status":"closed","ping_status":"closed","template":"","meta":{"_kad_blocks_custom_css":"","_kad_blocks_head_custom_js":"","_kad_blocks_body_custom_js":"","_kad_blocks_footer_custom_js":"","_kad_post_transparent":"","_kad_post_title":"","_kad_post_layout":"","_kad_post_sidebar_id":"","_kad_post_content_style":"","_kad_post_vertical_padding":"","_kad_post_feature":"","_kad_post_feature_position":"","_kad_post_header":false,"_kad_post_footer":false,"_kad_post_classname":"","footnotes":""},"class_list":["post-1706","page","type-page","status-publish","hentry"],"yoast_head":"<!-- This site is optimized with the Yoast SEO plugin v27.6 - https:\/\/yoast.com\/product\/yoast-seo-wordpress\/ -->\n<title>R\u00fcckgaberichtlinie - Pini NordPol<\/title>\n<meta name=\"robots\" content=\"noindex, follow\" \/>\n<meta property=\"og:locale\" content=\"de_DE\" \/>\n<meta property=\"og:type\" content=\"article\" \/>\n<meta property=\"og:title\" content=\"R\u00fcckgaberichtlinie - Pini NordPol\" \/>\n<meta property=\"og:description\" content=\"INFORMATIONEN ZUM VERTRAGSWIDERRUF Die NordPol GmbH mit Sitz in Z\u0142otoryja (59-500), ul. Polna 2a, eingetragen im Handelsregister des Landesgerichts f\u00fcr Wroc\u0142aw-Fabryczna in Wroc\u0142aw, IX. Wirtschaftsabteilung des Landesgerichts unter der KRS-Nummer: 0000120521, mit NIP: 6941004097, REGON: 39037171900000, Stammkapital in H\u00f6he von 50.000,00 PLN (f\u00fcnfzigtausend Z\u0142oty) vollst\u00e4ndig eingezahlt (\u201eVerk\u00e4ufer\u201d), legt nachfolgend die Grunds\u00e4tze f\u00fcr die R\u00fccksendung von...\" \/>\n<meta property=\"og:url\" content=\"https:\/\/pininordpol.pl\/de\/rueckgaberichtlinie\/\" \/>\n<meta property=\"og:site_name\" content=\"Pini NordPol\" \/>\n<meta property=\"article:publisher\" content=\"https:\/\/www.facebook.com\/pininordpol\" \/>\n<meta property=\"article:modified_time\" content=\"2025-09-05T12:02:57+00:00\" \/>\n<meta name=\"twitter:card\" content=\"summary_large_image\" \/>\n<meta name=\"twitter:label1\" content=\"Gesch\u00e4tzte Lesezeit\" \/>\n\t<meta name=\"twitter:data1\" content=\"5 minutes\" \/>\n<script type=\"application\/ld+json\" class=\"yoast-schema-graph\">{\"@context\":\"https:\\\/\\\/schema.org\",\"@graph\":[{\"@type\":\"WebPage\",\"@id\":\"https:\\\/\\\/pininordpol.pl\\\/de\\\/rueckgaberichtlinie\\\/\",\"url\":\"https:\\\/\\\/pininordpol.pl\\\/de\\\/rueckgaberichtlinie\\\/\",\"name\":\"R\u00fcckgaberichtlinie - Pini NordPol\",\"isPartOf\":{\"@id\":\"https:\\\/\\\/pininordpol.pl\\\/de\\\/#website\"},\"datePublished\":\"2025-08-28T13:11:51+00:00\",\"dateModified\":\"2025-09-05T12:02:57+00:00\",\"breadcrumb\":{\"@id\":\"https:\\\/\\\/pininordpol.pl\\\/de\\\/rueckgaberichtlinie\\\/#breadcrumb\"},\"inLanguage\":\"de-DE\",\"potentialAction\":[{\"@type\":\"ReadAction\",\"target\":[\"https:\\\/\\\/pininordpol.pl\\\/de\\\/rueckgaberichtlinie\\\/\"]}]},{\"@type\":\"BreadcrumbList\",\"@id\":\"https:\\\/\\\/pininordpol.pl\\\/de\\\/rueckgaberichtlinie\\\/#breadcrumb\",\"itemListElement\":[{\"@type\":\"ListItem\",\"position\":1,\"name\":\"Startseite\",\"item\":\"https:\\\/\\\/pininordpol.pl\\\/de\\\/\"},{\"@type\":\"ListItem\",\"position\":2,\"name\":\"R\u00fcckgaberichtlinie\"}]},{\"@type\":\"WebSite\",\"@id\":\"https:\\\/\\\/pininordpol.pl\\\/de\\\/#website\",\"url\":\"https:\\\/\\\/pininordpol.pl\\\/de\\\/\",\"name\":\"Pini NordPol\",\"description\":\"\",\"publisher\":{\"@id\":\"https:\\\/\\\/pininordpol.pl\\\/de\\\/#organization\"},\"potentialAction\":[{\"@type\":\"SearchAction\",\"target\":{\"@type\":\"EntryPoint\",\"urlTemplate\":\"https:\\\/\\\/pininordpol.pl\\\/de\\\/?s={search_term_string}\"},\"query-input\":{\"@type\":\"PropertyValueSpecification\",\"valueRequired\":true,\"valueName\":\"search_term_string\"}}],\"inLanguage\":\"de-DE\"},{\"@type\":\"Organization\",\"@id\":\"https:\\\/\\\/pininordpol.pl\\\/de\\\/#organization\",\"name\":\"Pini NordPol\",\"url\":\"https:\\\/\\\/pininordpol.pl\\\/de\\\/\",\"logo\":{\"@type\":\"ImageObject\",\"inLanguage\":\"de-DE\",\"@id\":\"https:\\\/\\\/pininordpol.pl\\\/de\\\/#\\\/schema\\\/logo\\\/image\\\/\",\"url\":\"https:\\\/\\\/pininordpol.pl\\\/wp-content\\\/uploads\\\/2025\\\/08\\\/cropped-nordbol_logo_blue.png\",\"contentUrl\":\"https:\\\/\\\/pininordpol.pl\\\/wp-content\\\/uploads\\\/2025\\\/08\\\/cropped-nordbol_logo_blue.png\",\"width\":460,\"height\":184,\"caption\":\"Pini NordPol\"},\"image\":{\"@id\":\"https:\\\/\\\/pininordpol.pl\\\/de\\\/#\\\/schema\\\/logo\\\/image\\\/\"},\"sameAs\":[\"https:\\\/\\\/www.facebook.com\\\/pininordpol\",\"https:\\\/\\\/www.tiktok.com\\\/@pini.nordpol\",\"https:\\\/\\\/www.instagram.com\\\/pini.nordpol\",\"https:\\\/\\\/www.youtube.com\\\/@PiniNordpol\"]}]}<\/script>\n<!-- \/ Yoast SEO plugin. -->","yoast_head_json":{"title":"R\u00fcckgaberichtlinie - Pini NordPol","robots":{"index":"noindex","follow":"follow"},"og_locale":"de_DE","og_type":"article","og_title":"R\u00fcckgaberichtlinie - Pini NordPol","og_description":"INFORMATIONEN ZUM VERTRAGSWIDERRUF Die NordPol GmbH mit Sitz in Z\u0142otoryja (59-500), ul. Polna 2a, eingetragen im Handelsregister des Landesgerichts f\u00fcr Wroc\u0142aw-Fabryczna in Wroc\u0142aw, IX. Wirtschaftsabteilung des Landesgerichts unter der KRS-Nummer: 0000120521, mit NIP: 6941004097, REGON: 39037171900000, Stammkapital in H\u00f6he von 50.000,00 PLN (f\u00fcnfzigtausend Z\u0142oty) vollst\u00e4ndig eingezahlt (\u201eVerk\u00e4ufer\u201d), legt nachfolgend die Grunds\u00e4tze f\u00fcr die R\u00fccksendung von...","og_url":"https:\/\/pininordpol.pl\/de\/rueckgaberichtlinie\/","og_site_name":"Pini NordPol","article_publisher":"https:\/\/www.facebook.com\/pininordpol","article_modified_time":"2025-09-05T12:02:57+00:00","twitter_card":"summary_large_image","twitter_misc":{"Gesch\u00e4tzte Lesezeit":"5 minutes"},"schema":{"@context":"https:\/\/schema.org","@graph":[{"@type":"WebPage","@id":"https:\/\/pininordpol.pl\/de\/rueckgaberichtlinie\/","url":"https:\/\/pininordpol.pl\/de\/rueckgaberichtlinie\/","name":"R\u00fcckgaberichtlinie - Pini NordPol","isPartOf":{"@id":"https:\/\/pininordpol.pl\/de\/#website"},"datePublished":"2025-08-28T13:11:51+00:00","dateModified":"2025-09-05T12:02:57+00:00","breadcrumb":{"@id":"https:\/\/pininordpol.pl\/de\/rueckgaberichtlinie\/#breadcrumb"},"inLanguage":"de-DE","potentialAction":[{"@type":"ReadAction","target":["https:\/\/pininordpol.pl\/de\/rueckgaberichtlinie\/"]}]},{"@type":"BreadcrumbList","@id":"https:\/\/pininordpol.pl\/de\/rueckgaberichtlinie\/#breadcrumb","itemListElement":[{"@type":"ListItem","position":1,"name":"Startseite","item":"https:\/\/pininordpol.pl\/de\/"},{"@type":"ListItem","position":2,"name":"R\u00fcckgaberichtlinie"}]},{"@type":"WebSite","@id":"https:\/\/pininordpol.pl\/de\/#website","url":"https:\/\/pininordpol.pl\/de\/","name":"Pini NordPol","description":"","publisher":{"@id":"https:\/\/pininordpol.pl\/de\/#organization"},"potentialAction":[{"@type":"SearchAction","target":{"@type":"EntryPoint","urlTemplate":"https:\/\/pininordpol.pl\/de\/?s={search_term_string}"},"query-input":{"@type":"PropertyValueSpecification","valueRequired":true,"valueName":"search_term_string"}}],"inLanguage":"de-DE"},{"@type":"Organization","@id":"https:\/\/pininordpol.pl\/de\/#organization","name":"Pini NordPol","url":"https:\/\/pininordpol.pl\/de\/","logo":{"@type":"ImageObject","inLanguage":"de-DE","@id":"https:\/\/pininordpol.pl\/de\/#\/schema\/logo\/image\/","url":"https:\/\/pininordpol.pl\/wp-content\/uploads\/2025\/08\/cropped-nordbol_logo_blue.png","contentUrl":"https:\/\/pininordpol.pl\/wp-content\/uploads\/2025\/08\/cropped-nordbol_logo_blue.png","width":460,"height":184,"caption":"Pini NordPol"},"image":{"@id":"https:\/\/pininordpol.pl\/de\/#\/schema\/logo\/image\/"},"sameAs":["https:\/\/www.facebook.com\/pininordpol","https:\/\/www.tiktok.com\/@pini.nordpol","https:\/\/www.instagram.com\/pini.nordpol","https:\/\/www.youtube.com\/@PiniNordpol"]}]}},"taxonomy_info":[],"featured_image_src_large":false,"author_info":{"display_name":"dawid","author_link":"https:\/\/pininordpol.pl\/de\/author\/dawid\/"},"comment_info":0,"_links":{"self":[{"href":"https:\/\/pininordpol.pl\/de\/wp-json\/wp\/v2\/pages\/1706","targetHints":{"allow":["GET"]}}],"collection":[{"href":"https:\/\/pininordpol.pl\/de\/wp-json\/wp\/v2\/pages"}],"about":[{"href":"https:\/\/pininordpol.pl\/de\/wp-json\/wp\/v2\/types\/page"}],"author":[{"embeddable":true,"href":"https:\/\/pininordpol.pl\/de\/wp-json\/wp\/v2\/users\/1"}],"replies":[{"embeddable":true,"href":"https:\/\/pininordpol.pl\/de\/wp-json\/wp\/v2\/comments?post=1706"}],"version-history":[{"count":2,"href":"https:\/\/pininordpol.pl\/de\/wp-json\/wp\/v2\/pages\/1706\/revisions"}],"predecessor-version":[{"id":2624,"href":"https:\/\/pininordpol.pl\/de\/wp-json\/wp\/v2\/pages\/1706\/revisions\/2624"}],"wp:attachment":[{"href":"https:\/\/pininordpol.pl\/de\/wp-json\/wp\/v2\/media?parent=1706"}],"curies":[{"name":"wp","href":"https:\/\/api.w.org\/{rel}","templated":true}]}}