{"id":2122,"date":"2025-08-29T15:05:19","date_gmt":"2025-08-29T13:05:19","guid":{"rendered":"https:\/\/pininordpol.pl\/zahlungsmethoden\/"},"modified":"2025-09-05T13:46:12","modified_gmt":"2025-09-05T11:46:12","slug":"zahlungsmethoden","status":"publish","type":"page","link":"https:\/\/pininordpol.pl\/de\/zahlungsmethoden\/","title":{"rendered":"Zahlungsmethoden"},"content":{"rendered":"<style>.kb-row-layout-id2122_315c53-c4 > .kt-row-column-wrap{align-content:start;}:where(.kb-row-layout-id2122_315c53-c4 > .kt-row-column-wrap) > .wp-block-kadence-column{justify-content:start;}.kb-row-layout-id2122_315c53-c4 > .kt-row-column-wrap{column-gap:var(--global-kb-gap-md, 2rem);row-gap:var(--global-kb-gap-md, 2rem);max-width:1280px;margin-left:auto;margin-right:auto;padding-top:180px;padding-bottom:220px;grid-template-columns:minmax(0, 1fr);}.kb-row-layout-id2122_315c53-c4{background-image:url('https:\/\/pininordpol.pl\/wp-content\/uploads\/2025\/09\/platnosci.webp');background-size:cover;background-position:57.99999999999999% 56.99999999999999%;background-attachment:scroll;background-repeat:no-repeat;}.kb-row-layout-id2122_315c53-c4 > .kt-row-layout-overlay{opacity:0.00;background:linear-gradient(135deg,rgb(0,0,0) 37%,var(--global-palette2) 99%);}.kb-row-layout-id2122_315c53-c4 .kt-row-layout-bottom-sep{height:100px;}.kb-row-layout-id2122_315c53-c4 .kt-row-layout-bottom-sep svg{width:100%;}.kb-row-layout-id2122_315c53-c4 .kt-row-layout-bottom-sep svg{fill:#ffffff!important;}@media all and (max-width: 1024px){.kb-row-layout-id2122_315c53-c4 > .kt-row-column-wrap{grid-template-columns:minmax(0, 1fr);}}@media all and (max-width: 1024px){.kb-row-layout-id2122_315c53-c4 .kt-row-layout-bottom-sep{height:px;}}@media all and (max-width: 1024px){.kb-row-layout-id2122_315c53-c4 .kt-row-layout-bottom-sep svg{width:%;}}@media all and (max-width: 767px){.kb-row-layout-id2122_315c53-c4 > .kt-row-column-wrap{padding-top:140px;padding-right:10px;padding-bottom:140px;padding-left:10px;grid-template-columns:minmax(0, 1fr);}.kb-row-layout-id2122_315c53-c4 .kt-row-layout-bottom-sep{height:px;}.kb-row-layout-id2122_315c53-c4 .kt-row-layout-bottom-sep svg{width:%;}}<\/style><div class=\"kb-row-layout-wrap kb-row-layout-id2122_315c53-c4 alignnone kt-row-has-bg wp-block-kadence-rowlayout\"><div class=\"kt-row-layout-overlay kt-row-overlay-gradient\"><\/div><div class=\"kt-row-column-wrap kt-has-1-columns kt-row-layout-equal kt-tab-layout-inherit kt-mobile-layout-row kt-row-valign-top\">\n<style>.kadence-column2122_a41b0e-56 > .kt-inside-inner-col,.kadence-column2122_a41b0e-56 > .kt-inside-inner-col:before{border-top-left-radius:0px;border-top-right-radius:0px;border-bottom-right-radius:0px;border-bottom-left-radius:0px;}.kadence-column2122_a41b0e-56 > .kt-inside-inner-col{column-gap:var(--global-kb-gap-sm, 1rem);}.kadence-column2122_a41b0e-56 > .kt-inside-inner-col{flex-direction:column;}.kadence-column2122_a41b0e-56 > .kt-inside-inner-col > .aligncenter{width:100%;}.kadence-column2122_a41b0e-56 > .kt-inside-inner-col:before{opacity:0.3;}.kadence-column2122_a41b0e-56{position:relative;}@media all and (max-width: 1024px){.kadence-column2122_a41b0e-56 > .kt-inside-inner-col{flex-direction:column;justify-content:center;}}@media all and (max-width: 767px){.kadence-column2122_a41b0e-56 > .kt-inside-inner-col{flex-direction:column;justify-content:center;}}@media (max-width: 768px) {n  .kadence-column2122_a41b0e-56 p {n    display: none;n  }n}<\/style>\n<div class=\"wp-block-kadence-column kadence-column2122_a41b0e-56\"><div class=\"kt-inside-inner-col\"><style>.wp-block-kadence-advancedheading.kt-adv-heading2122_ab57a3-2f, .wp-block-kadence-advancedheading.kt-adv-heading2122_ab57a3-2f[data-kb-block=\"kb-adv-heading2122_ab57a3-2f\"]{max-width:550px;margin-bottom:20px;text-align:left;line-height:66px;font-style:normal;text-shadow:2px 1px 1px #1a202c;}.wp-block-kadence-advancedheading.kt-adv-heading2122_ab57a3-2f mark.kt-highlight, .wp-block-kadence-advancedheading.kt-adv-heading2122_ab57a3-2f[data-kb-block=\"kb-adv-heading2122_ab57a3-2f\"] mark.kt-highlight{font-style:normal;background-image:linear-gradient(135deg,var(u002du002dglobal-palette2) 3%,rgb(251,147,37) 100%);-webkit-background-clip:text;background-clip:text;-webkit-text-fill-color:transparent;-webkit-box-decoration-break:clone;box-decoration-break:clone;padding-top:0px;padding-right:0px;padding-bottom:0px;padding-left:0px;}.wp-block-kadence-advancedheading.kt-adv-heading2122_ab57a3-2f img.kb-inline-image, .wp-block-kadence-advancedheading.kt-adv-heading2122_ab57a3-2f[data-kb-block=\"kb-adv-heading2122_ab57a3-2f\"] img.kb-inline-image{width:150px;vertical-align:baseline;}@media all and (max-width: 1024px){.wp-block-kadence-advancedheading.kt-adv-heading2122_ab57a3-2f, .wp-block-kadence-advancedheading.kt-adv-heading2122_ab57a3-2f[data-kb-block=\"kb-adv-heading2122_ab57a3-2f\"]{text-shadow:2px 1px 1px #1a202c;}}@media all and (max-width: 767px){.wp-block-kadence-advancedheading.kt-adv-heading2122_ab57a3-2f, .wp-block-kadence-advancedheading.kt-adv-heading2122_ab57a3-2f[data-kb-block=\"kb-adv-heading2122_ab57a3-2f\"]{text-shadow:2px 1px 1px #1a202c;font-size:42px;}}<\/style>\n<h1 class=\"kt-adv-heading2122_ab57a3-2f wp-block-kadence-advancedheading has-theme-palette-9-color has-text-color\" data-kb-block=\"kb-adv-heading2122_ab57a3-2f\">ZAHLUNGSMETHODEN<\/h1>\n<\/div><\/div>\n\n<\/div><\/div>\n\n<style>.kb-row-layout-id2122_06783e-a1 > .kt-row-column-wrap{align-content:start;}:where(.kb-row-layout-id2122_06783e-a1 > .kt-row-column-wrap) > .wp-block-kadence-column{justify-content:start;}.kb-row-layout-id2122_06783e-a1 > .kt-row-column-wrap{column-gap:var(--global-kb-gap-md, 2rem);row-gap:var(--global-kb-gap-md, 2rem);max-width:var( --global-content-width, 1290px );padding-left:var(--global-content-edge-padding);padding-right:var(--global-content-edge-padding);padding-top:80px;padding-bottom:80px;grid-template-columns:minmax(0, 1fr);}.kb-row-layout-id2122_06783e-a1 > .kt-row-layout-overlay{opacity:0.30;}@media all and (max-width: 1024px){.kb-row-layout-id2122_06783e-a1 > .kt-row-column-wrap{grid-template-columns:minmax(0, 1fr);}}@media all and (max-width: 767px){.kb-row-layout-id2122_06783e-a1 > .kt-row-column-wrap{padding-right:10px;padding-left:10px;grid-template-columns:minmax(0, 1fr);}}<\/style><div class=\"kb-row-layout-wrap kb-row-layout-id2122_06783e-a1 alignnone wp-block-kadence-rowlayout\"><div class=\"kt-row-column-wrap kt-has-1-columns kt-row-layout-equal kt-tab-layout-inherit kt-mobile-layout-row kt-row-valign-top kb-theme-content-width\">\n<style>.kadence-column2122_2dd4aa-a4 > .kt-inside-inner-col,.kadence-column2122_2dd4aa-a4 > .kt-inside-inner-col:before{border-top-left-radius:0px;border-top-right-radius:0px;border-bottom-right-radius:0px;border-bottom-left-radius:0px;}.kadence-column2122_2dd4aa-a4 > .kt-inside-inner-col{column-gap:var(--global-kb-gap-sm, 1rem);}.kadence-column2122_2dd4aa-a4 > .kt-inside-inner-col{flex-direction:column;}.kadence-column2122_2dd4aa-a4 > .kt-inside-inner-col > .aligncenter{width:100%;}.kadence-column2122_2dd4aa-a4 > .kt-inside-inner-col:before{opacity:0.3;}.kadence-column2122_2dd4aa-a4{position:relative;}@media all and (max-width: 1024px){.kadence-column2122_2dd4aa-a4 > .kt-inside-inner-col{flex-direction:column;justify-content:center;}}@media all and (max-width: 767px){.kadence-column2122_2dd4aa-a4 > .kt-inside-inner-col{flex-direction:column;justify-content:center;}}<\/style>\n<div class=\"wp-block-kadence-column kadence-column2122_2dd4aa-a4\"><div class=\"kt-inside-inner-col\">\n<p>Bei Pini NordPol sorgen wir daf\u00fcr, dass das Einkaufen schnell, bequem und sicher ist. Aus diesem Grund bieten wir verschiedene Zahlungsmethoden an, dank derer jeder Kunde den bequemsten Weg w\u00e4hlen kann, um die Bestellung abzuschlie\u00dfen. Unabh\u00e4ngig davon, ob Sie lieber online, mit Karte oder per Schnell\u00fcberweisung bezahlen m\u00f6chten, k\u00f6nnen Sie bei uns ohne unn\u00f6tige Formalit\u00e4ten einkaufen.  <\/p>\n\n\n\n<p>Unser Betreiber:<\/p>\n\n\n\n<figure class=\"wp-block-image size-full is-resized\"><a href=\"https:\/\/www.przelewy24.pl\/\"><img loading=\"lazy\" decoding=\"async\" width=\"1000\" height=\"350\" src=\"https:\/\/pininordpol.pl\/wp-content\/uploads\/2025\/09\/Przelewy24_logo.png\" alt=\"\" class=\"wp-image-1464\" style=\"width:279px;height:auto\" srcset=\"https:\/\/pininordpol.pl\/wp-content\/uploads\/2025\/09\/Przelewy24_logo.png 1000w, https:\/\/pininordpol.pl\/wp-content\/uploads\/2025\/09\/Przelewy24_logo-300x105.png 300w, https:\/\/pininordpol.pl\/wp-content\/uploads\/2025\/09\/Przelewy24_logo-768x269.png 768w\" sizes=\"auto, (max-width: 1000px) 100vw, 1000px\" \/><\/a><\/figure>\n<\/div><\/div>\n\n<\/div><\/div>","protected":false},"excerpt":{"rendered":"<p>ZAHLUNGSMETHODEN Bei Pini NordPol sorgen wir daf\u00fcr, dass das Einkaufen schnell, bequem und sicher ist. Aus diesem Grund bieten wir verschiedene Zahlungsmethoden an, dank derer jeder Kunde den bequemsten Weg w\u00e4hlen kann, um die Bestellung abzuschlie\u00dfen. Unabh\u00e4ngig davon, ob Sie lieber online, mit Karte oder per Schnell\u00fcberweisung bezahlen m\u00f6chten, k\u00f6nnen Sie bei uns ohne unn\u00f6tige&#8230;<\/p>\n","protected":false},"author":1,"featured_media":0,"parent":0,"menu_order":0,"comment_status":"closed","ping_status":"closed","template":"","meta":{"_kad_blocks_custom_css":"","_kad_blocks_head_custom_js":"","_kad_blocks_body_custom_js":"","_kad_blocks_footer_custom_js":"","_kad_post_transparent":"disable","_kad_post_title":"hide","_kad_post_layout":"fullwidth","_kad_post_sidebar_id":"","_kad_post_content_style":"unboxed","_kad_post_vertical_padding":"","_kad_post_feature":"","_kad_post_feature_position":"","_kad_post_header":false,"_kad_post_footer":false,"_kad_post_classname":"","footnotes":""},"class_list":["post-2122","page","type-page","status-publish","hentry"],"yoast_head":"<!-- This site is optimized with the Yoast SEO plugin v27.6 - https:\/\/yoast.com\/product\/yoast-seo-wordpress\/ -->\n<title>Zahlungsmethoden - Pini NordPol<\/title>\n<meta name=\"robots\" content=\"noindex, nofollow\" \/>\n<meta property=\"og:locale\" content=\"de_DE\" \/>\n<meta property=\"og:type\" content=\"article\" \/>\n<meta property=\"og:title\" content=\"Zahlungsmethoden - Pini NordPol\" \/>\n<meta property=\"og:description\" content=\"ZAHLUNGSMETHODEN Bei Pini NordPol sorgen wir daf\u00fcr, dass das Einkaufen schnell, bequem und sicher ist. Aus diesem Grund bieten wir verschiedene Zahlungsmethoden an, dank derer jeder Kunde den bequemsten Weg w\u00e4hlen kann, um die Bestellung abzuschlie\u00dfen. Unabh\u00e4ngig davon, ob Sie lieber online, mit Karte oder per Schnell\u00fcberweisung bezahlen m\u00f6chten, k\u00f6nnen Sie bei uns ohne unn\u00f6tige...\" \/>\n<meta property=\"og:url\" content=\"https:\/\/pininordpol.pl\/de\/zahlungsmethoden\/\" \/>\n<meta property=\"og:site_name\" content=\"Pini NordPol\" \/>\n<meta property=\"article:publisher\" content=\"https:\/\/www.facebook.com\/pininordpol\" \/>\n<meta property=\"article:modified_time\" content=\"2025-09-05T11:46:12+00:00\" \/>\n<meta property=\"og:image\" content=\"https:\/\/pininordpol.pl\/wp-content\/uploads\/2025\/09\/Przelewy24_logo.png\" \/>\n\t<meta property=\"og:image:width\" content=\"1000\" \/>\n\t<meta property=\"og:image:height\" content=\"350\" \/>\n\t<meta property=\"og:image:type\" content=\"image\/png\" \/>\n<meta name=\"twitter:card\" content=\"summary_large_image\" \/>\n<meta name=\"twitter:label1\" content=\"Gesch\u00e4tzte Lesezeit\" \/>\n\t<meta name=\"twitter:data1\" content=\"1 minute\" \/>\n<script type=\"application\/ld+json\" class=\"yoast-schema-graph\">{\"@context\":\"https:\\\/\\\/schema.org\",\"@graph\":[{\"@type\":\"WebPage\",\"@id\":\"https:\\\/\\\/pininordpol.pl\\\/de\\\/zahlungsmethoden\\\/\",\"url\":\"https:\\\/\\\/pininordpol.pl\\\/de\\\/zahlungsmethoden\\\/\",\"name\":\"Zahlungsmethoden - Pini NordPol\",\"isPartOf\":{\"@id\":\"https:\\\/\\\/pininordpol.pl\\\/de\\\/#website\"},\"primaryImageOfPage\":{\"@id\":\"https:\\\/\\\/pininordpol.pl\\\/de\\\/zahlungsmethoden\\\/#primaryimage\"},\"image\":{\"@id\":\"https:\\\/\\\/pininordpol.pl\\\/de\\\/zahlungsmethoden\\\/#primaryimage\"},\"thumbnailUrl\":\"https:\\\/\\\/pininordpol.pl\\\/wp-content\\\/uploads\\\/2025\\\/09\\\/Przelewy24_logo.png\",\"datePublished\":\"2025-08-29T13:05:19+00:00\",\"dateModified\":\"2025-09-05T11:46:12+00:00\",\"breadcrumb\":{\"@id\":\"https:\\\/\\\/pininordpol.pl\\\/de\\\/zahlungsmethoden\\\/#breadcrumb\"},\"inLanguage\":\"de-DE\",\"potentialAction\":[{\"@type\":\"ReadAction\",\"target\":[\"https:\\\/\\\/pininordpol.pl\\\/de\\\/zahlungsmethoden\\\/\"]}]},{\"@type\":\"ImageObject\",\"inLanguage\":\"de-DE\",\"@id\":\"https:\\\/\\\/pininordpol.pl\\\/de\\\/zahlungsmethoden\\\/#primaryimage\",\"url\":\"https:\\\/\\\/pininordpol.pl\\\/wp-content\\\/uploads\\\/2025\\\/09\\\/Przelewy24_logo.png\",\"contentUrl\":\"https:\\\/\\\/pininordpol.pl\\\/wp-content\\\/uploads\\\/2025\\\/09\\\/Przelewy24_logo.png\"},{\"@type\":\"BreadcrumbList\",\"@id\":\"https:\\\/\\\/pininordpol.pl\\\/de\\\/zahlungsmethoden\\\/#breadcrumb\",\"itemListElement\":[{\"@type\":\"ListItem\",\"position\":1,\"name\":\"Startseite\",\"item\":\"https:\\\/\\\/pininordpol.pl\\\/de\\\/\"},{\"@type\":\"ListItem\",\"position\":2,\"name\":\"Zahlungsmethoden\"}]},{\"@type\":\"WebSite\",\"@id\":\"https:\\\/\\\/pininordpol.pl\\\/de\\\/#website\",\"url\":\"https:\\\/\\\/pininordpol.pl\\\/de\\\/\",\"name\":\"Pini NordPol\",\"description\":\"\",\"publisher\":{\"@id\":\"https:\\\/\\\/pininordpol.pl\\\/de\\\/#organization\"},\"potentialAction\":[{\"@type\":\"SearchAction\",\"target\":{\"@type\":\"EntryPoint\",\"urlTemplate\":\"https:\\\/\\\/pininordpol.pl\\\/de\\\/?s={search_term_string}\"},\"query-input\":{\"@type\":\"PropertyValueSpecification\",\"valueRequired\":true,\"valueName\":\"search_term_string\"}}],\"inLanguage\":\"de-DE\"},{\"@type\":\"Organization\",\"@id\":\"https:\\\/\\\/pininordpol.pl\\\/de\\\/#organization\",\"name\":\"Pini NordPol\",\"url\":\"https:\\\/\\\/pininordpol.pl\\\/de\\\/\",\"logo\":{\"@type\":\"ImageObject\",\"inLanguage\":\"de-DE\",\"@id\":\"https:\\\/\\\/pininordpol.pl\\\/de\\\/#\\\/schema\\\/logo\\\/image\\\/\",\"url\":\"https:\\\/\\\/pininordpol.pl\\\/wp-content\\\/uploads\\\/2025\\\/08\\\/cropped-nordbol_logo_blue.png\",\"contentUrl\":\"https:\\\/\\\/pininordpol.pl\\\/wp-content\\\/uploads\\\/2025\\\/08\\\/cropped-nordbol_logo_blue.png\",\"width\":460,\"height\":184,\"caption\":\"Pini NordPol\"},\"image\":{\"@id\":\"https:\\\/\\\/pininordpol.pl\\\/de\\\/#\\\/schema\\\/logo\\\/image\\\/\"},\"sameAs\":[\"https:\\\/\\\/www.facebook.com\\\/pininordpol\",\"https:\\\/\\\/www.tiktok.com\\\/@pini.nordpol\",\"https:\\\/\\\/www.instagram.com\\\/pini.nordpol\",\"https:\\\/\\\/www.youtube.com\\\/@PiniNordpol\"]}]}<\/script>\n<!-- \/ Yoast SEO plugin. -->","yoast_head_json":{"title":"Zahlungsmethoden - Pini NordPol","robots":{"index":"noindex","follow":"nofollow"},"og_locale":"de_DE","og_type":"article","og_title":"Zahlungsmethoden - Pini NordPol","og_description":"ZAHLUNGSMETHODEN Bei Pini NordPol sorgen wir daf\u00fcr, dass das Einkaufen schnell, bequem und sicher ist. Aus diesem Grund bieten wir verschiedene Zahlungsmethoden an, dank derer jeder Kunde den bequemsten Weg w\u00e4hlen kann, um die Bestellung abzuschlie\u00dfen. Unabh\u00e4ngig davon, ob Sie lieber online, mit Karte oder per Schnell\u00fcberweisung bezahlen m\u00f6chten, k\u00f6nnen Sie bei uns ohne unn\u00f6tige...","og_url":"https:\/\/pininordpol.pl\/de\/zahlungsmethoden\/","og_site_name":"Pini NordPol","article_publisher":"https:\/\/www.facebook.com\/pininordpol","article_modified_time":"2025-09-05T11:46:12+00:00","og_image":[{"width":1000,"height":350,"url":"https:\/\/pininordpol.pl\/wp-content\/uploads\/2025\/09\/Przelewy24_logo.png","type":"image\/png"}],"twitter_card":"summary_large_image","twitter_misc":{"Gesch\u00e4tzte Lesezeit":"1 minute"},"schema":{"@context":"https:\/\/schema.org","@graph":[{"@type":"WebPage","@id":"https:\/\/pininordpol.pl\/de\/zahlungsmethoden\/","url":"https:\/\/pininordpol.pl\/de\/zahlungsmethoden\/","name":"Zahlungsmethoden - Pini NordPol","isPartOf":{"@id":"https:\/\/pininordpol.pl\/de\/#website"},"primaryImageOfPage":{"@id":"https:\/\/pininordpol.pl\/de\/zahlungsmethoden\/#primaryimage"},"image":{"@id":"https:\/\/pininordpol.pl\/de\/zahlungsmethoden\/#primaryimage"},"thumbnailUrl":"https:\/\/pininordpol.pl\/wp-content\/uploads\/2025\/09\/Przelewy24_logo.png","datePublished":"2025-08-29T13:05:19+00:00","dateModified":"2025-09-05T11:46:12+00:00","breadcrumb":{"@id":"https:\/\/pininordpol.pl\/de\/zahlungsmethoden\/#breadcrumb"},"inLanguage":"de-DE","potentialAction":[{"@type":"ReadAction","target":["https:\/\/pininordpol.pl\/de\/zahlungsmethoden\/"]}]},{"@type":"ImageObject","inLanguage":"de-DE","@id":"https:\/\/pininordpol.pl\/de\/zahlungsmethoden\/#primaryimage","url":"https:\/\/pininordpol.pl\/wp-content\/uploads\/2025\/09\/Przelewy24_logo.png","contentUrl":"https:\/\/pininordpol.pl\/wp-content\/uploads\/2025\/09\/Przelewy24_logo.png"},{"@type":"BreadcrumbList","@id":"https:\/\/pininordpol.pl\/de\/zahlungsmethoden\/#breadcrumb","itemListElement":[{"@type":"ListItem","position":1,"name":"Startseite","item":"https:\/\/pininordpol.pl\/de\/"},{"@type":"ListItem","position":2,"name":"Zahlungsmethoden"}]},{"@type":"WebSite","@id":"https:\/\/pininordpol.pl\/de\/#website","url":"https:\/\/pininordpol.pl\/de\/","name":"Pini NordPol","description":"","publisher":{"@id":"https:\/\/pininordpol.pl\/de\/#organization"},"potentialAction":[{"@type":"SearchAction","target":{"@type":"EntryPoint","urlTemplate":"https:\/\/pininordpol.pl\/de\/?s={search_term_string}"},"query-input":{"@type":"PropertyValueSpecification","valueRequired":true,"valueName":"search_term_string"}}],"inLanguage":"de-DE"},{"@type":"Organization","@id":"https:\/\/pininordpol.pl\/de\/#organization","name":"Pini NordPol","url":"https:\/\/pininordpol.pl\/de\/","logo":{"@type":"ImageObject","inLanguage":"de-DE","@id":"https:\/\/pininordpol.pl\/de\/#\/schema\/logo\/image\/","url":"https:\/\/pininordpol.pl\/wp-content\/uploads\/2025\/08\/cropped-nordbol_logo_blue.png","contentUrl":"https:\/\/pininordpol.pl\/wp-content\/uploads\/2025\/08\/cropped-nordbol_logo_blue.png","width":460,"height":184,"caption":"Pini NordPol"},"image":{"@id":"https:\/\/pininordpol.pl\/de\/#\/schema\/logo\/image\/"},"sameAs":["https:\/\/www.facebook.com\/pininordpol","https:\/\/www.tiktok.com\/@pini.nordpol","https:\/\/www.instagram.com\/pini.nordpol","https:\/\/www.youtube.com\/@PiniNordpol"]}]}},"taxonomy_info":[],"featured_image_src_large":false,"author_info":{"display_name":"dawid","author_link":"https:\/\/pininordpol.pl\/de\/author\/dawid\/"},"comment_info":0,"_links":{"self":[{"href":"https:\/\/pininordpol.pl\/de\/wp-json\/wp\/v2\/pages\/2122","targetHints":{"allow":["GET"]}}],"collection":[{"href":"https:\/\/pininordpol.pl\/de\/wp-json\/wp\/v2\/pages"}],"about":[{"href":"https:\/\/pininordpol.pl\/de\/wp-json\/wp\/v2\/types\/page"}],"author":[{"embeddable":true,"href":"https:\/\/pininordpol.pl\/de\/wp-json\/wp\/v2\/users\/1"}],"replies":[{"embeddable":true,"href":"https:\/\/pininordpol.pl\/de\/wp-json\/wp\/v2\/comments?post=2122"}],"version-history":[{"count":3,"href":"https:\/\/pininordpol.pl\/de\/wp-json\/wp\/v2\/pages\/2122\/revisions"}],"predecessor-version":[{"id":2610,"href":"https:\/\/pininordpol.pl\/de\/wp-json\/wp\/v2\/pages\/2122\/revisions\/2610"}],"wp:attachment":[{"href":"https:\/\/pininordpol.pl\/de\/wp-json\/wp\/v2\/media?parent=2122"}],"curies":[{"name":"wp","href":"https:\/\/api.w.org\/{rel}","templated":true}]}}